{"id":164,"date":"2023-06-21T12:15:51","date_gmt":"2023-06-21T10:15:51","guid":{"rendered":"https:\/\/kz-gedenkstaette-husum-schwesing.de\/friesenwall\/?page_id=164"},"modified":"2023-08-17T11:09:53","modified_gmt":"2023-08-17T09:09:53","slug":"quellen","status":"publish","type":"page","link":"https:\/\/kz-gedenkstaette-husum-schwesing.de\/friesenwall\/quellen\/","title":{"rendered":"Quellen"},"content":{"rendered":"<p>[et_pb_section fb_built=&#8220;1&#8243; _builder_version=&#8220;4.19.4&#8243; _module_preset=&#8220;default&#8220; global_colors_info=&#8220;{}&#8220;][et_pb_row _builder_version=&#8220;4.19.4&#8243; _module_preset=&#8220;default&#8220; global_colors_info=&#8220;{}&#8220;][et_pb_column type=&#8220;4_4&#8243; _builder_version=&#8220;4.19.4&#8243; _module_preset=&#8220;default&#8220; global_colors_info=&#8220;{}&#8220;][et_pb_text _builder_version=&#8220;4.19.4&#8243; _module_preset=&#8220;default&#8220; text_text_color=&#8220;#a5a5a5&#8243; hover_enabled=&#8220;0&#8243; border_color_all=&#8220;rgba(234,234,234,0.41)&#8220; global_colors_info=&#8220;{}&#8220; sticky_enabled=&#8220;0&#8243;]<\/p>\n<h4>Die Informationen wurden folgenden Quellen entnommen<\/h4>\n<p>(1) Informationen der KZ-Gedenkst\u00e4tte Husum-Schwesing<br \/>(2) <a href=\"https:\/\/kz-gedenkstaette-husum-schwesing.de\/\">Website<\/a> und (3)\u00a0 <a href=\"https:\/\/kz-gedenkstaette-husum-schwesing.de\/audioguide\/\">Audioguide<\/a> der KZ-Gedenkst\u00e4tte Husum-Schwesing [Stand:28.06.2023]<br \/>(4) <a href=\"https:\/\/kz-gedenkstaette-ladelund.de\/\">Website<\/a> und (5) <a href=\"https:\/\/kz-gedenkstaette-ladelund.de\/audioguide\/\">Audioguide<\/a> der KZ-Gedenk- und Begegnungsst\u00e4tte Ladelund [Stand:15.05.2023]<br \/>(6) Ausstellung und Informationstafeln der KZ-Gedenk- und Begegnungsst\u00e4tte Ladelund vor Ort [Stand:05.05.2023]<br \/>(7) Ortschronik Leck<br \/>(8) Ortschronik Breklum<br \/>(9) Ortschronik Norstedt-Spinkeb\u00fcll<br \/>(10) Hinweisschild am Ein-Personen-Sch\u00fctzenstand [Stand:07.03.2023]<br \/>(11) Informationstafel vor Ort bei Infoh\u00fctte der Gemeinde Witzwort<br \/>(12) Andreas Ehresmann; Dr. Christl Wickert: Expertise zur Baugeschichte des letzten Geb\u00e4udes auf dem Gel\u00e4nde des ehemaligen KZ Husum-Schwesing, S. 104.<br \/>(13) Fiete Pingel; Thomas Steensen: Die KZ-Au\u00dfenlager in Husum-Schwesing und Ladelund, in: Danker, Uwe; K\u00f6hler, Nils; Nowottny, Eva u. a. (Hg.): Zwangsarbeitende im Kreis Nordfriesland 1939-1945, Bielefeld 2004, S. 271\u2013293, S. 283.<br \/>Dokumente aus dem<a href=\"https:\/\/www.nordfriesland.de\/Kultur-Bildung\/Kulturarbeit-des-Kreises\/Kreisarchiv\/\"> Kreisarchiv Nordfriesland<\/a>:<br \/>(14) KANF D4 \u2013 66; 1944; Gespanndienst f\u00fcr Bau des Friesenwalls 1944<br \/>(15) KANF C4 \u2013 43; 1892 &#8211; 1915, 1931 &#8211; 1951; Genehmigungsurkunde f\u00fcr Gast- und Schankwirtschaften und Kleinhandel mit Spirituosen<\/p>\n<p>[\/et_pb_text][\/et_pb_column][\/et_pb_row][\/et_pb_section]<\/p>\n","protected":false},"excerpt":{"rendered":"<p>Die Informationen wurden folgenden Quellen entnommen (1) Informationen der KZ-Gedenkst\u00e4tte Husum-Schwesing(2) Website und (3)\u00a0 Audioguide der KZ-Gedenkst\u00e4tte Husum-Schwesing [Stand:28.06.2023](4) Website und (5) Audioguide der KZ-Gedenk- und Begegnungsst\u00e4tte Ladelund [Stand:15.05.2023](6) Ausstellung und Informationstafeln der KZ-Gedenk- und Begegnungsst\u00e4tte Ladelund vor Ort [Stand:05.05.2023](7) Ortschronik Leck(8) Ortschronik Breklum(9) Ortschronik Norstedt-Spinkeb\u00fcll(10) Hinweisschild am Ein-Personen-Sch\u00fctzenstand [Stand:07.03.2023](11) Informationstafel vor Ort bei Infoh\u00fctte [&hellip;]<\/p>\n","protected":false},"author":12,"featured_media":0,"parent":0,"menu_order":0,"comment_status":"closed","ping_status":"closed","template":"","meta":{"_et_pb_use_builder":"on","_et_pb_old_content":"","_et_gb_content_width":"","footnotes":""},"class_list":["post-164","page","type-page","status-publish","hentry"],"_links":{"self":[{"href":"https:\/\/kz-gedenkstaette-husum-schwesing.de\/friesenwall\/wp-json\/wp\/v2\/pages\/164","targetHints":{"allow":["GET"]}}],"collection":[{"href":"https:\/\/kz-gedenkstaette-husum-schwesing.de\/friesenwall\/wp-json\/wp\/v2\/pages"}],"about":[{"href":"https:\/\/kz-gedenkstaette-husum-schwesing.de\/friesenwall\/wp-json\/wp\/v2\/types\/page"}],"author":[{"embeddable":true,"href":"https:\/\/kz-gedenkstaette-husum-schwesing.de\/friesenwall\/wp-json\/wp\/v2\/users\/12"}],"replies":[{"embeddable":true,"href":"https:\/\/kz-gedenkstaette-husum-schwesing.de\/friesenwall\/wp-json\/wp\/v2\/comments?post=164"}],"version-history":[{"count":10,"href":"https:\/\/kz-gedenkstaette-husum-schwesing.de\/friesenwall\/wp-json\/wp\/v2\/pages\/164\/revisions"}],"predecessor-version":[{"id":298,"href":"https:\/\/kz-gedenkstaette-husum-schwesing.de\/friesenwall\/wp-json\/wp\/v2\/pages\/164\/revisions\/298"}],"wp:attachment":[{"href":"https:\/\/kz-gedenkstaette-husum-schwesing.de\/friesenwall\/wp-json\/wp\/v2\/media?parent=164"}],"curies":[{"name":"wp","href":"https:\/\/api.w.org\/{rel}","templated":true}]}}